{"id":1187,"date":"2025-11-07T10:02:03","date_gmt":"2025-11-07T10:02:03","guid":{"rendered":"https:\/\/projetoentreserras.com\/?page_id=1187"},"modified":"2026-03-26T12:26:44","modified_gmt":"2026-03-26T12:26:44","slug":"clipping","status":"publish","type":"page","link":"https:\/\/projetoentreserras.com\/en\/clipping\/","title":{"rendered":"PES_CE in the Media"},"content":{"rendered":"\n<div class=\"wp-block-media-text is-stacked-on-mobile is-vertically-aligned-top\" style=\"grid-template-columns:35% auto\"><figure class=\"wp-block-media-text__media\"><img loading=\"lazy\" decoding=\"async\" width=\"1024\" height=\"684\" src=\"https:\/\/projetoentreserras.com\/wp-content\/uploads\/2026\/03\/Clipping_Cover_CanalExtremadura-1024x684.jpg\" alt=\"\" class=\"wp-image-2213 size-full\" srcset=\"https:\/\/projetoentreserras.com\/wp-content\/uploads\/2026\/03\/Clipping_Cover_CanalExtremadura-1024x684.jpg 1024w, https:\/\/projetoentreserras.com\/wp-content\/uploads\/2026\/03\/Clipping_Cover_CanalExtremadura-500x334.jpg 500w, https:\/\/projetoentreserras.com\/wp-content\/uploads\/2026\/03\/Clipping_Cover_CanalExtremadura-768x513.jpg 768w, https:\/\/projetoentreserras.com\/wp-content\/uploads\/2026\/03\/Clipping_Cover_CanalExtremadura.jpg 1400w\" sizes=\"auto, (max-width: 1024px) 100vw, 1024px\" \/><\/figure><div class=\"wp-block-media-text__content\">\n<h2 class=\"wp-block-heading\">Un artista franc\u00e9s, Abraham Poincheval, va a permanecer ocho d\u00edas, en una plataforma a seis metros de altura en Malpartida de C\u00e1ceres<\/h2>\n\n\n\n<p>Una acci\u00f3n que forma parte del tercer seminario del Proyecto Entre Serras Europa Creativa [TVShow] Conexi\u00f3n Extremadura.<br>\u21aa <a href=\"https:\/\/www.facebook.com\/conexionextremaduraCEX\/videos\/un-artista-franc%C3%A9s-abraham-poincheval-va-a-permanecer-ocho-d%C3%ADas-en-una-plataform\/1693917242004972\/\" target=\"_blank\" rel=\"noreferrer noopener\">Video available to view (28 Mar. 2025)<\/a><\/p>\n\n\n\n<hr class=\"wp-block-separator has-alpha-channel-opacity\"\/>\n<\/div><\/div>\n\n\n\n<div class=\"wp-block-media-text is-stacked-on-mobile is-vertically-aligned-top\" style=\"grid-template-columns:35% auto\"><figure class=\"wp-block-media-text__media\"><img loading=\"lazy\" decoding=\"async\" width=\"1024\" height=\"684\" src=\"https:\/\/projetoentreserras.com\/wp-content\/uploads\/2026\/03\/Clipping_Cover_COPE-1024x684.jpg\" alt=\"\" class=\"wp-image-2165 size-full\" srcset=\"https:\/\/projetoentreserras.com\/wp-content\/uploads\/2026\/03\/Clipping_Cover_COPE-1024x684.jpg 1024w, https:\/\/projetoentreserras.com\/wp-content\/uploads\/2026\/03\/Clipping_Cover_COPE-500x334.jpg 500w, https:\/\/projetoentreserras.com\/wp-content\/uploads\/2026\/03\/Clipping_Cover_COPE-768x513.jpg 768w, https:\/\/projetoentreserras.com\/wp-content\/uploads\/2026\/03\/Clipping_Cover_COPE.jpg 1400w\" sizes=\"auto, (max-width: 1024px) 100vw, 1024px\" \/><\/figure><div class=\"wp-block-media-text__content\">\n<h2 class=\"wp-block-heading\">Un artista &#8220;cig\u00fce\u00f1a&#8221;: Abraham Poincheval pasar\u00e1 8 d\u00edas en una plataforma en Malpartida de C\u00e1ceres<\/h2>\n\n\n\n<p>El performista franc\u00e9s emularar\u00e1 la vida de las cig\u00fce\u00f1as en un nido elevado.<br>\u21aa <a href=\"https:\/\/www.cope.es\/emisoras\/extremadura\/noticias\/artista-cigueena-abraham-poincheval-pasara-8-dias-plataforma-malpartida-caceres-20250327_3121905.html?utm_source=chatgpt.com\" target=\"_blank\" rel=\"noreferrer noopener\"> Read the article (27 Mar. 2025)<\/a><\/p>\n\n\n\n<hr class=\"wp-block-separator has-alpha-channel-opacity\"\/>\n<\/div><\/div>\n\n\n\n<div class=\"wp-block-media-text is-stacked-on-mobile is-vertically-aligned-top\" style=\"grid-template-columns:35% auto\"><figure class=\"wp-block-media-text__media\"><img loading=\"lazy\" decoding=\"async\" width=\"1024\" height=\"684\" src=\"https:\/\/projetoentreserras.com\/wp-content\/uploads\/2026\/03\/Clipping_Cover_Juntaex_es-1024x684.jpg\" alt=\"\" class=\"wp-image-2168 size-full\" srcset=\"https:\/\/projetoentreserras.com\/wp-content\/uploads\/2026\/03\/Clipping_Cover_Juntaex_es-1024x684.jpg 1024w, https:\/\/projetoentreserras.com\/wp-content\/uploads\/2026\/03\/Clipping_Cover_Juntaex_es-500x334.jpg 500w, https:\/\/projetoentreserras.com\/wp-content\/uploads\/2026\/03\/Clipping_Cover_Juntaex_es-768x513.jpg 768w, https:\/\/projetoentreserras.com\/wp-content\/uploads\/2026\/03\/Clipping_Cover_Juntaex_es.jpg 1400w\" sizes=\"auto, (max-width: 1024px) 100vw, 1024px\" \/><\/figure><div class=\"wp-block-media-text__content\">\n<h2 class=\"wp-block-heading\"><strong>El Museo Vostell Malpartida acoge un seminario internacional sobre arte, territorio y comunidad<\/strong><\/h2>\n\n\n\n<p>El encuentro combina conferencias, debates, exposiciones y actividades en distintas sedes de Malpartida y C\u00e1ceres.<br>\u21aa <a href=\"https:\/\/www.juntaex.es\/w\/el-museo-vostell-malpartida-acoge-un-seminario-internacional-sobre-arte?inheritRedirect=true&#038;utm_source\" target=\"_blank\" rel=\"noreferrer noopener\"> Read the article (14 Mar. 2025)<\/a><\/p>\n\n\n\n<hr class=\"wp-block-separator has-alpha-channel-opacity\"\/>\n<\/div><\/div>\n\n\n\n<div class=\"wp-block-media-text is-stacked-on-mobile is-vertically-aligned-top\" style=\"grid-template-columns:35% auto\"><figure class=\"wp-block-media-text__media\"><img loading=\"lazy\" decoding=\"async\" width=\"1024\" height=\"684\" src=\"https:\/\/projetoentreserras.com\/wp-content\/uploads\/2026\/03\/Clipping_Cover_Jornal_Fundao-1024x684.jpg\" alt=\"\" class=\"wp-image-2160 size-full\" srcset=\"https:\/\/projetoentreserras.com\/wp-content\/uploads\/2026\/03\/Clipping_Cover_Jornal_Fundao-1024x684.jpg 1024w, https:\/\/projetoentreserras.com\/wp-content\/uploads\/2026\/03\/Clipping_Cover_Jornal_Fundao-500x334.jpg 500w, https:\/\/projetoentreserras.com\/wp-content\/uploads\/2026\/03\/Clipping_Cover_Jornal_Fundao-768x513.jpg 768w, https:\/\/projetoentreserras.com\/wp-content\/uploads\/2026\/03\/Clipping_Cover_Jornal_Fundao.jpg 1400w\" sizes=\"auto, (max-width: 1024px) 100vw, 1024px\" \/><\/figure><div class=\"wp-block-media-text__content\">\n<h2 class=\"wp-block-heading\">Semin\u00e1rio Internacional: Arte, paisagem e turismo sustent\u00e1vel<\/h2>\n\n\n\n<p>A s\u00e9rvio-neerlandesa mistura arte e ci\u00eancia para produzir instala\u00e7\u00f5es entre o abstracto e o profundamente filos\u00f3fico. Est\u00e1 por estes dias em Portugal, no \u00e2mbito de uma resid\u00eancia art\u00edstica.<br>\u21aa <a href=\"https:\/\/projetoentreserras.com\/wp-content\/uploads\/2026\/03\/PES_CE_Clipping_Press_2024-05-02-Jornal-Fundao.png\" target=\"_blank\" rel=\"noreferrer noopener\"> View Press Clipping (2 Mai. 2024)<\/a><\/p>\n\n\n\n<hr class=\"wp-block-separator has-alpha-channel-opacity\"\/>\n<\/div><\/div>\n\n\n\n<div class=\"wp-block-media-text is-stacked-on-mobile is-vertically-aligned-top\" style=\"grid-template-columns:35% auto\"><figure class=\"wp-block-media-text__media\"><img loading=\"lazy\" decoding=\"async\" width=\"1024\" height=\"684\" src=\"https:\/\/projetoentreserras.com\/wp-content\/uploads\/2026\/03\/Clipping_Cover_DD_CB-1024x684.jpg\" alt=\"\" class=\"wp-image-2210 size-full\" srcset=\"https:\/\/projetoentreserras.com\/wp-content\/uploads\/2026\/03\/Clipping_Cover_DD_CB-1024x684.jpg 1024w, https:\/\/projetoentreserras.com\/wp-content\/uploads\/2026\/03\/Clipping_Cover_DD_CB-500x334.jpg 500w, https:\/\/projetoentreserras.com\/wp-content\/uploads\/2026\/03\/Clipping_Cover_DD_CB-768x513.jpg 768w, https:\/\/projetoentreserras.com\/wp-content\/uploads\/2026\/03\/Clipping_Cover_DD_CB.jpg 1400w\" sizes=\"auto, (max-width: 1024px) 100vw, 1024px\" \/><\/figure><div class=\"wp-block-media-text__content\">\n<h2 class=\"wp-block-heading\">Castelo Branco: F\u00e1brica da Criatividade promove semin\u00e1rio sobre Arte, Paisagem e Turismo Sustent\u00e1vel<\/h2>\n\n\n\n<p>A F\u00e1brica da Criatividade, em Castelo Branco, recebe entre os dias 19 e 22 de Julho, o primeiro de tr\u00eas semin\u00e1rios, no \u00e2mbito do projeto \u201cEntre Serras \u2013 Europa Criativa\u201d subordinado ao tema \u201cArte, Paisagem e Turismo Sustent\u00e1vel\u201d.<br>\u21aa <a href=\"https:\/\/www.diariodigitalcastelobranco.pt\/noticia\/65553\/castelo-branco-fabrica-da-criatividade-promove-seminario-sobre-arte-paisagem-e-turismo-sustentavel\" target=\"_blank\" rel=\"noreferrer noopener\"> Read the article (25 Abr. 2024)<\/a><\/p>\n\n\n\n<hr class=\"wp-block-separator has-alpha-channel-opacity\"\/>\n<\/div><\/div>\n\n\n\n<div class=\"wp-block-media-text is-stacked-on-mobile is-vertically-aligned-top\" style=\"grid-template-columns:35% auto\"><figure class=\"wp-block-media-text__media\"><img loading=\"lazy\" decoding=\"async\" width=\"1024\" height=\"684\" src=\"https:\/\/projetoentreserras.com\/wp-content\/uploads\/2026\/03\/Clipping_Cover_NDCentro-1024x684.jpg\" alt=\"\" class=\"wp-image-2207 size-full\" srcset=\"https:\/\/projetoentreserras.com\/wp-content\/uploads\/2026\/03\/Clipping_Cover_NDCentro-1024x684.jpg 1024w, https:\/\/projetoentreserras.com\/wp-content\/uploads\/2026\/03\/Clipping_Cover_NDCentro-500x334.jpg 500w, https:\/\/projetoentreserras.com\/wp-content\/uploads\/2026\/03\/Clipping_Cover_NDCentro-768x513.jpg 768w, https:\/\/projetoentreserras.com\/wp-content\/uploads\/2026\/03\/Clipping_Cover_NDCentro.jpg 1400w\" sizes=\"auto, (max-width: 1024px) 100vw, 1024px\" \/><\/figure><div class=\"wp-block-media-text__content\">\n<h2 class=\"wp-block-heading\">Castelo Branco recebe semin\u00e1rio sobre arte, paisagem e turismo sustent\u00e1vel<\/h2>\n\n\n\n<p>A F\u00e1brica da Criatividade, em Castelo Branco, recebe entre os dias 19 e 22 de julho, o primeiro de tr\u00eas semin\u00e1rios, no \u00e2mbito do projeto \u201cEntre Serras \u2013 Europa Criativa\u201d subordinado ao tema \u201cArte, Paisagem e Turismo Sustent\u00e1vel\u201d.<br>\u21aa <a href=\"https:\/\/noticiasdocentro.pt\/castelo-branco-recebe-seminario-sobre-arte-paisagem-e-turismo-sustentavel\/#goog_rewarded\" target=\"_blank\" rel=\"noreferrer noopener\"> Read the article (24 Abr. 2024)<\/a><\/p>\n\n\n\n<hr class=\"wp-block-separator has-alpha-channel-opacity\"\/>\n<\/div><\/div>\n\n\n\n<div class=\"wp-block-media-text is-stacked-on-mobile is-vertically-aligned-top\" style=\"grid-template-columns:35% auto\"><figure class=\"wp-block-media-text__media\"><img loading=\"lazy\" decoding=\"async\" width=\"1024\" height=\"684\" src=\"https:\/\/projetoentreserras.com\/wp-content\/uploads\/2026\/03\/Clipping_Cover_Publico-1024x684.jpg\" alt=\"\" class=\"wp-image-2158 size-full\" srcset=\"https:\/\/projetoentreserras.com\/wp-content\/uploads\/2026\/03\/Clipping_Cover_Publico-1024x684.jpg 1024w, https:\/\/projetoentreserras.com\/wp-content\/uploads\/2026\/03\/Clipping_Cover_Publico-500x334.jpg 500w, https:\/\/projetoentreserras.com\/wp-content\/uploads\/2026\/03\/Clipping_Cover_Publico-768x513.jpg 768w, https:\/\/projetoentreserras.com\/wp-content\/uploads\/2026\/03\/Clipping_Cover_Publico.jpg 1400w\" sizes=\"auto, (max-width: 1024px) 100vw, 1024px\" \/><\/figure><div class=\"wp-block-media-text__content\">\n<h2 class=\"wp-block-heading\">Aldeias do Xisto e Estrela Geopark acolhem resid\u00eancia art\u00edstica que une arte, ci\u00eancia, c\u00e9u escuro e paisagem<\/h2>\n\n\n\n<p>A s\u00e9rvio-neerlandesa mistura arte e ci\u00eancia para produzir instala\u00e7\u00f5es entre o abstracto e o profundamente filos\u00f3fico. Est\u00e1 por estes dias em Portugal, no \u00e2mbito de uma resid\u00eancia art\u00edstica.<br>\u21aa <a href=\"https:\/\/www.publico.pt\/2023\/07\/26\/culturaipsilon\/noticia\/perceber-humano-universo-katarina-petrovic-sonda-origem-palavras-2057941\" target=\"_blank\" rel=\"noreferrer noopener\"> Read the article (27 Jul. 2023)<\/a><\/p>\n\n\n\n<hr class=\"wp-block-separator has-alpha-channel-opacity\"\/>\n<\/div><\/div>\n\n\n\n<div class=\"wp-block-media-text is-stacked-on-mobile is-vertically-aligned-top\" style=\"grid-template-columns:35% auto\"><figure class=\"wp-block-media-text__media\"><img loading=\"lazy\" decoding=\"async\" width=\"1024\" height=\"684\" src=\"https:\/\/projetoentreserras.com\/wp-content\/uploads\/2026\/03\/Clipping_Cover_NDC-1024x684.jpg\" alt=\"\" class=\"wp-image-2155 size-full\" srcset=\"https:\/\/projetoentreserras.com\/wp-content\/uploads\/2026\/03\/Clipping_Cover_NDC-1024x684.jpg 1024w, https:\/\/projetoentreserras.com\/wp-content\/uploads\/2026\/03\/Clipping_Cover_NDC-500x334.jpg 500w, https:\/\/projetoentreserras.com\/wp-content\/uploads\/2026\/03\/Clipping_Cover_NDC-768x513.jpg 768w, https:\/\/projetoentreserras.com\/wp-content\/uploads\/2026\/03\/Clipping_Cover_NDC.jpg 1400w\" sizes=\"auto, (max-width: 1024px) 100vw, 1024px\" \/><\/figure><div class=\"wp-block-media-text__content\">\n<h2 class=\"wp-block-heading\">Para perceber o humano e o universo, Katarina Petrovic sonda a origem das palavras<\/h2>\n\n\n\n<p>A resid\u00eancia art\u00edstica \u201cAstronomia\u201d, a decorrer na Aldeia do Xisto de Faj\u00e3o, no concelho de Pampilhosa da Serra, e no Estrela Geopark Mundial da UNESCO, de 17 a 29 de julho, \u00e9 o primeiro evento a acontecer em territ\u00f3rio nacional no \u00e2mbito do projeto \u201cHabitar e mover-se em territ\u00f3rios de montanha\u201d, candidatado pelo PES \u2013 Projeto Entre Serras, ao programa Europa Criativa.<br>\u21aa <a href=\"https:\/\/www.noticiasdecoimbra.pt\/aldeias-do-xisto-e-estrela-geopark-acolhem-residencia-artistica-que-une-arte-ciencia-ceu-escuro-e-paisagem\/\" target=\"_blank\" rel=\"noreferrer noopener\"> Read the article (17 Jul. 2023)<\/a><\/p>\n\n\n\n<hr class=\"wp-block-separator has-alpha-channel-opacity\"\/>\n<\/div><\/div>\n\n\n\n<div class=\"wp-block-media-text is-stacked-on-mobile is-vertically-aligned-top\" style=\"grid-template-columns:35% auto\"><figure class=\"wp-block-media-text__media\"><img loading=\"lazy\" decoding=\"async\" width=\"1024\" height=\"684\" src=\"https:\/\/projetoentreserras.com\/wp-content\/uploads\/2026\/03\/Clipping_Cover_TSF-1024x684.jpg\" alt=\"\" class=\"wp-image-2148 size-full\" srcset=\"https:\/\/projetoentreserras.com\/wp-content\/uploads\/2026\/03\/Clipping_Cover_TSF-1024x684.jpg 1024w, https:\/\/projetoentreserras.com\/wp-content\/uploads\/2026\/03\/Clipping_Cover_TSF-500x334.jpg 500w, https:\/\/projetoentreserras.com\/wp-content\/uploads\/2026\/03\/Clipping_Cover_TSF-768x513.jpg 768w, https:\/\/projetoentreserras.com\/wp-content\/uploads\/2026\/03\/Clipping_Cover_TSF.jpg 1400w\" sizes=\"auto, (max-width: 1024px) 100vw, 1024px\" \/><\/figure><div class=\"wp-block-media-text__content\">\n<h2 class=\"wp-block-heading\">Aldeias do Xisto v\u00e3o acolher resid\u00eancias art\u00edsticas e workshops<\/h2>\n\n\n\n<p>O projeto Entre Serras &#8220;questiona a necess\u00e1ria reabilita\u00e7\u00e3o do mundo sens\u00edvel e a separa\u00e7\u00e3o desastrosa entre Natureza e Cultura&#8221;.<br>\u21aa <a href=\"https:\/\/www.tsf.pt\/portugal\/artigo\/aldeias-do-xisto-vao-acolher-residencias-artisticas-e-workshops\/15977904\" target=\"_blank\" rel=\"noreferrer noopener\"> Read the article (10 Mar. 2023)<\/a><\/p>\n\n\n\n<hr class=\"wp-block-separator has-alpha-channel-opacity\"\/>\n<\/div><\/div>\n\n\n\n<div class=\"wp-block-media-text is-stacked-on-mobile is-vertically-aligned-top\" style=\"grid-template-columns:35% auto\"><figure class=\"wp-block-media-text__media\"><img loading=\"lazy\" decoding=\"async\" width=\"1024\" height=\"684\" src=\"https:\/\/projetoentreserras.com\/wp-content\/uploads\/2026\/03\/Clipping_Cover_RTP_N-1024x684.jpg\" alt=\"\" class=\"wp-image-2151 size-full\" srcset=\"https:\/\/projetoentreserras.com\/wp-content\/uploads\/2026\/03\/Clipping_Cover_RTP_N-1024x684.jpg 1024w, https:\/\/projetoentreserras.com\/wp-content\/uploads\/2026\/03\/Clipping_Cover_RTP_N-500x334.jpg 500w, https:\/\/projetoentreserras.com\/wp-content\/uploads\/2026\/03\/Clipping_Cover_RTP_N-768x513.jpg 768w, https:\/\/projetoentreserras.com\/wp-content\/uploads\/2026\/03\/Clipping_Cover_RTP_N.jpg 1400w\" sizes=\"auto, (max-width: 1024px) 100vw, 1024px\" \/><\/figure><div class=\"wp-block-media-text__content\">\n<h2 class=\"wp-block-heading\">Aldeias do Xisto v\u00e3o acolher resid\u00eancias art\u00edsticas e workshops<\/h2>\n\n\n\n<p>As Aldeias do\u00a0Xisto v\u00e3o receber resid\u00eancias art\u00edsticas e `workshops` integrados numa candidatura ao programa Europa Criativa.<br>\u21aa <a href=\"https:\/\/www.rtp.pt\/noticias\/cultura\/aldeias-do-xisto-vao-acolher-residencias-artisticas-e-workshops_n1472292\" target=\"_blank\" rel=\"noreferrer noopener\"> Read the article (10 Mar. 2023)<\/a><\/p>\n\n\n\n<hr class=\"wp-block-separator has-alpha-channel-opacity\"\/>\n<\/div><\/div>\n\n\n\n<div class=\"wp-block-media-text is-stacked-on-mobile is-vertically-aligned-top\" style=\"grid-template-columns:35% auto\"><figure class=\"wp-block-media-text__media\"><img loading=\"lazy\" decoding=\"async\" width=\"1024\" height=\"684\" src=\"https:\/\/projetoentreserras.com\/wp-content\/uploads\/2026\/03\/Clipping_Cover_DN-1024x684.jpg\" alt=\"\" class=\"wp-image-2145 size-full\" srcset=\"https:\/\/projetoentreserras.com\/wp-content\/uploads\/2026\/03\/Clipping_Cover_DN-1024x684.jpg 1024w, https:\/\/projetoentreserras.com\/wp-content\/uploads\/2026\/03\/Clipping_Cover_DN-500x334.jpg 500w, https:\/\/projetoentreserras.com\/wp-content\/uploads\/2026\/03\/Clipping_Cover_DN-768x513.jpg 768w, https:\/\/projetoentreserras.com\/wp-content\/uploads\/2026\/03\/Clipping_Cover_DN.jpg 1400w\" sizes=\"auto, (max-width: 1024px) 100vw, 1024px\" \/><\/figure><div class=\"wp-block-media-text__content\">\n<h2 class=\"wp-block-heading\">Aldeias do Xisto participam no Projeto Entre Serras<\/h2>\n\n\n\n<p>O projeto refor\u00e7a quest\u00f5es como a liga\u00e7\u00e3o \u00e0 natureza e \u00e0s comunidades, o questionamento da paisagem e as linhas de intersec\u00e7\u00e3o entre arte e ruralidade. O trabalho em rede ser\u00e1 a principal metodologia da iniciativa.<br>\u21aa <a href=\"https:\/\/www.dn.pt\/arquivo\/diario-de-noticias\/aldeias-do-xisto-participam-no-projeto-entre-serras-15974116.html\" target=\"_blank\" rel=\"noreferrer noopener\"> Read the article (09 Mar. 2023)<\/a><\/p>\n<\/div><\/div>\n\n\n\n<p><\/p>\n","protected":false},"excerpt":{"rendered":"<p>Aldeias do Xisto participam no Projeto Entre Serras O projeto refor\u00e7a quest\u00f5es como a liga\u00e7\u00e3o \u00e0 natureza e \u00e0s comunidades, o questionamento da paisagem e as linhas de intersec\u00e7\u00e3o entre arte e ruralidade. O trabalho em rede ser\u00e1 a principal metodologia da iniciativa.\u21aa Read the article (09 Mar. 2023)<\/p>\n","protected":false},"author":1,"featured_media":0,"parent":0,"menu_order":0,"comment_status":"closed","ping_status":"closed","template":"","meta":{"_acf_changed":false,"footnotes":""},"class_list":["post-1187","page","type-page","status-publish","hentry"],"acf":[],"_links":{"self":[{"href":"https:\/\/projetoentreserras.com\/en\/wp-json\/wp\/v2\/pages\/1187","targetHints":{"allow":["GET"]}}],"collection":[{"href":"https:\/\/projetoentreserras.com\/en\/wp-json\/wp\/v2\/pages"}],"about":[{"href":"https:\/\/projetoentreserras.com\/en\/wp-json\/wp\/v2\/types\/page"}],"author":[{"embeddable":true,"href":"https:\/\/projetoentreserras.com\/en\/wp-json\/wp\/v2\/users\/1"}],"replies":[{"embeddable":true,"href":"https:\/\/projetoentreserras.com\/en\/wp-json\/wp\/v2\/comments?post=1187"}],"version-history":[{"count":20,"href":"https:\/\/projetoentreserras.com\/en\/wp-json\/wp\/v2\/pages\/1187\/revisions"}],"predecessor-version":[{"id":2216,"href":"https:\/\/projetoentreserras.com\/en\/wp-json\/wp\/v2\/pages\/1187\/revisions\/2216"}],"wp:attachment":[{"href":"https:\/\/projetoentreserras.com\/en\/wp-json\/wp\/v2\/media?parent=1187"}],"curies":[{"name":"wp","href":"https:\/\/api.w.org\/{rel}","templated":true}]}}